{"id":3775,"date":"2023-05-22T14:42:40","date_gmt":"2023-05-22T12:42:40","guid":{"rendered":"https:\/\/soloom.uk\/czesto-zadawane-pytania\/"},"modified":"2024-01-16T11:05:39","modified_gmt":"2024-01-16T10:05:39","slug":"czesto-zadawane-pytania","status":"publish","type":"page","link":"https:\/\/soloom.uk\/pl\/czesto-zadawane-pytania\/","title":{"rendered":"Cz\u0119sto Zadawane Pytania"},"content":{"rendered":"\t\t<div data-elementor-type=\"wp-page\" data-elementor-id=\"3775\" class=\"elementor elementor-3775 elementor-2291\" data-elementor-post-type=\"page\">\n\t\t\t\t<div class=\"elementor-element elementor-element-6ffcd885 e-flex e-con-boxed e-con e-parent\" data-id=\"6ffcd885\" data-element_type=\"container\" data-settings=\"{&quot;background_background&quot;:&quot;video&quot;,&quot;background_video_link&quot;:&quot;https:\\\/\\\/soloom.uk\\\/wp-content\\\/uploads\\\/2023\\\/05\\\/final.mp4&quot;}\">\n\t\t\t\t\t<div class=\"e-con-inner\">\n\t\t<div class=\"elementor-background-video-container elementor-hidden-mobile\" aria-hidden=\"true\">\n\t\t\t\t\t\t\t<video class=\"elementor-background-video-hosted\" autoplay muted playsinline loop><\/video>\n\t\t\t\t\t<\/div>\t\t<div class=\"elementor-element elementor-element-17ddefb4 elementor-widget elementor-widget-heading\" data-id=\"17ddefb4\" data-element_type=\"widget\" data-widget_type=\"heading.default\">\n\t\t\t\t<div class=\"elementor-widget-container\">\n\t\t\t\t\t<h2 class=\"elementor-heading-title elementor-size-default\">Cz\u0119sto Zadawane Pytania<\/h2>\t\t\t\t<\/div>\n\t\t\t\t<\/div>\n\t\t\t\t\t<\/div>\n\t\t\t\t<\/div>\n\t\t<div class=\"elementor-element elementor-element-4147bcd e-flex e-con-boxed e-con e-parent\" data-id=\"4147bcd\" data-element_type=\"container\">\n\t\t\t\t\t<div class=\"e-con-inner\">\n\t\t\t\t<div class=\"elementor-element elementor-element-2b0c695 elementor-widget elementor-widget-toggle\" data-id=\"2b0c695\" data-element_type=\"widget\" data-widget_type=\"toggle.default\">\n\t\t\t\t<div class=\"elementor-widget-container\">\n\t\t\t\t\t\t\t<div class=\"elementor-toggle\">\n\t\t\t\t\t\t\t<div class=\"elementor-toggle-item\">\n\t\t\t\t\t<div id=\"elementor-tab-title-4511\" class=\"elementor-tab-title\" data-tab=\"1\" role=\"button\" aria-controls=\"elementor-tab-content-4511\" aria-expanded=\"false\">\n\t\t\t\t\t\t\t\t\t\t\t\t<span class=\"elementor-toggle-icon elementor-toggle-icon-right\" aria-hidden=\"true\">\n\t\t\t\t\t\t\t\t\t\t\t\t\t\t\t<span class=\"elementor-toggle-icon-closed\"><i class=\"fas fa-chevron-down\"><\/i><\/span>\n\t\t\t\t\t\t\t\t<span class=\"elementor-toggle-icon-opened\"><i class=\"elementor-toggle-icon-opened fas fa-chevron-up\"><\/i><\/span>\n\t\t\t\t\t\t\t\t\t\t\t\t\t<\/span>\n\t\t\t\t\t\t\t\t\t\t\t\t<a class=\"elementor-toggle-title\" tabindex=\"0\">Pytanie<\/a>\n\t\t\t\t\t<\/div>\n\n\t\t\t\t\t<div id=\"elementor-tab-content-4511\" class=\"elementor-tab-content elementor-clearfix\" data-tab=\"1\" role=\"region\" aria-labelledby=\"elementor-tab-title-4511\"><p>Lorem ipsum dolor sit amet, consectetur adipiscing elit. Ut elit tellus, luctus nec ullamcorper mattis, pulvinar dapibus leo. Curabitur lorem justo, lobortis a justo quis, hendrerit porttitor erat. Suspendisse viverra, nisl sed viverra congue, ante nunc tincidunt justo, non tempor mi augue nec mauris. Praesent rhoncus, magna eget tincidunt feugiat, lacus purus.<\/p>\n<p>Curabitur lorem justo, lobortis a justo quis, hendrerit porttitor erat. Suspendisse viverra, nisl sed viverra congue, ante nunc tincidunt justo, non tempor mi augue nec mauris. Praesent rhoncus, magna eget tincidunt feugiat, lacus purus.<\/p>\n<\/div>\n\t\t\t\t<\/div>\n\t\t\t\t\t\t\t<div class=\"elementor-toggle-item\">\n\t\t\t\t\t<div id=\"elementor-tab-title-4512\" class=\"elementor-tab-title\" data-tab=\"2\" role=\"button\" aria-controls=\"elementor-tab-content-4512\" aria-expanded=\"false\">\n\t\t\t\t\t\t\t\t\t\t\t\t<span class=\"elementor-toggle-icon elementor-toggle-icon-right\" aria-hidden=\"true\">\n\t\t\t\t\t\t\t\t\t\t\t\t\t\t\t<span class=\"elementor-toggle-icon-closed\"><i class=\"fas fa-chevron-down\"><\/i><\/span>\n\t\t\t\t\t\t\t\t<span class=\"elementor-toggle-icon-opened\"><i class=\"elementor-toggle-icon-opened fas fa-chevron-up\"><\/i><\/span>\n\t\t\t\t\t\t\t\t\t\t\t\t\t<\/span>\n\t\t\t\t\t\t\t\t\t\t\t\t<a class=\"elementor-toggle-title\" tabindex=\"0\">Pytanie<\/a>\n\t\t\t\t\t<\/div>\n\n\t\t\t\t\t<div id=\"elementor-tab-content-4512\" class=\"elementor-tab-content elementor-clearfix\" data-tab=\"2\" role=\"region\" aria-labelledby=\"elementor-tab-title-4512\"><p>Lorem ipsum dolor sit amet, consectetur adipiscing elit. Ut elit tellus, luctus nec ullamcorper mattis, pulvinar dapibus leo.<\/p>\n<p>Curabitur lorem justo, lobortis a justo quis, hendrerit porttitor erat. Suspendisse viverra, nisl sed viverra congue, ante nunc tincidunt justo, non tempor mi augue nec mauris. Praesent rhoncus, magna eget tincidunt feugiat, lacus purus.<\/p>\n<p>Curabitur lorem justo, lobortis a justo quis, hendrerit porttitor erat. Suspendisse viverra, nisl sed viverra congue, ante nunc tincidunt justo, non tempor mi augue nec mauris. Praesent rhoncus, magna eget tincidunt feugiat, lacus purus.<\/p>\n<\/div>\n\t\t\t\t<\/div>\n\t\t\t\t\t\t\t<div class=\"elementor-toggle-item\">\n\t\t\t\t\t<div id=\"elementor-tab-title-4513\" class=\"elementor-tab-title\" data-tab=\"3\" role=\"button\" aria-controls=\"elementor-tab-content-4513\" aria-expanded=\"false\">\n\t\t\t\t\t\t\t\t\t\t\t\t<span class=\"elementor-toggle-icon elementor-toggle-icon-right\" aria-hidden=\"true\">\n\t\t\t\t\t\t\t\t\t\t\t\t\t\t\t<span class=\"elementor-toggle-icon-closed\"><i class=\"fas fa-chevron-down\"><\/i><\/span>\n\t\t\t\t\t\t\t\t<span class=\"elementor-toggle-icon-opened\"><i class=\"elementor-toggle-icon-opened fas fa-chevron-up\"><\/i><\/span>\n\t\t\t\t\t\t\t\t\t\t\t\t\t<\/span>\n\t\t\t\t\t\t\t\t\t\t\t\t<a class=\"elementor-toggle-title\" tabindex=\"0\">Pytanie<\/a>\n\t\t\t\t\t<\/div>\n\n\t\t\t\t\t<div id=\"elementor-tab-content-4513\" class=\"elementor-tab-content elementor-clearfix\" data-tab=\"3\" role=\"region\" aria-labelledby=\"elementor-tab-title-4513\"><p>Lorem ipsum dolor sit amet, consectetur adipiscing elit. Ut elit tellus, luctus nec ullamcorper mattis, pulvinar dapibus leo.<\/p>\n<p>Curabitur lorem justo, lobortis a justo quis, hendrerit porttitor erat. Suspendisse viverra, nisl sed viverra congue, ante nunc tincidunt justo, non tempor mi augue nec mauris. Praesent rhoncus, magna eget tincidunt feugiat, lacus purus.<\/p>\n<p>Curabitur lorem justo, lobortis a justo quis, hendrerit porttitor erat. Suspendisse viverra, nisl sed viverra congue, ante nunc tincidunt justo, non tempor mi augue nec mauris. Praesent rhoncus, magna eget tincidunt feugiat, lacus purus.<\/p>\n<\/div>\n\t\t\t\t<\/div>\n\t\t\t\t\t\t\t<div class=\"elementor-toggle-item\">\n\t\t\t\t\t<div id=\"elementor-tab-title-4514\" class=\"elementor-tab-title\" data-tab=\"4\" role=\"button\" aria-controls=\"elementor-tab-content-4514\" aria-expanded=\"false\">\n\t\t\t\t\t\t\t\t\t\t\t\t<span class=\"elementor-toggle-icon elementor-toggle-icon-right\" aria-hidden=\"true\">\n\t\t\t\t\t\t\t\t\t\t\t\t\t\t\t<span class=\"elementor-toggle-icon-closed\"><i class=\"fas fa-chevron-down\"><\/i><\/span>\n\t\t\t\t\t\t\t\t<span class=\"elementor-toggle-icon-opened\"><i class=\"elementor-toggle-icon-opened fas fa-chevron-up\"><\/i><\/span>\n\t\t\t\t\t\t\t\t\t\t\t\t\t<\/span>\n\t\t\t\t\t\t\t\t\t\t\t\t<a class=\"elementor-toggle-title\" tabindex=\"0\">Pytanie<\/a>\n\t\t\t\t\t<\/div>\n\n\t\t\t\t\t<div id=\"elementor-tab-content-4514\" class=\"elementor-tab-content elementor-clearfix\" data-tab=\"4\" role=\"region\" aria-labelledby=\"elementor-tab-title-4514\"><p>Lorem ipsum dolor sit amet, consectetur adipiscing elit. Ut elit tellus, luctus nec ullamcorper mattis, pulvinar dapibus leo.<\/p>\n<p>Curabitur lorem justo, lobortis a justo quis, hendrerit porttitor erat. Suspendisse viverra, nisl sed viverra congue, ante nunc tincidunt justo, non tempor mi augue nec mauris. Praesent rhoncus, magna eget tincidunt feugiat, lacus purus.<\/p>\n<p>Curabitur lorem justo, lobortis a justo quis, hendrerit porttitor erat. Suspendisse viverra, nisl sed viverra congue, ante nunc tincidunt justo, non tempor mi augue nec mauris. Praesent rhoncus, magna eget tincidunt feugiat, lacus purus.<\/p>\n<\/div>\n\t\t\t\t<\/div>\n\t\t\t\t\t\t\t<div class=\"elementor-toggle-item\">\n\t\t\t\t\t<div id=\"elementor-tab-title-4515\" class=\"elementor-tab-title\" data-tab=\"5\" role=\"button\" aria-controls=\"elementor-tab-content-4515\" aria-expanded=\"false\">\n\t\t\t\t\t\t\t\t\t\t\t\t<span class=\"elementor-toggle-icon elementor-toggle-icon-right\" aria-hidden=\"true\">\n\t\t\t\t\t\t\t\t\t\t\t\t\t\t\t<span class=\"elementor-toggle-icon-closed\"><i class=\"fas fa-chevron-down\"><\/i><\/span>\n\t\t\t\t\t\t\t\t<span class=\"elementor-toggle-icon-opened\"><i class=\"elementor-toggle-icon-opened fas fa-chevron-up\"><\/i><\/span>\n\t\t\t\t\t\t\t\t\t\t\t\t\t<\/span>\n\t\t\t\t\t\t\t\t\t\t\t\t<a class=\"elementor-toggle-title\" tabindex=\"0\">Pytanie<\/a>\n\t\t\t\t\t<\/div>\n\n\t\t\t\t\t<div id=\"elementor-tab-content-4515\" class=\"elementor-tab-content elementor-clearfix\" data-tab=\"5\" role=\"region\" aria-labelledby=\"elementor-tab-title-4515\"><p>Lorem ipsum dolor sit amet, consectetur adipiscing elit. Ut elit tellus, luctus nec ullamcorper mattis, pulvinar dapibus leo.<\/p>\n<p>Curabitur lorem justo, lobortis a justo quis, hendrerit porttitor erat. Suspendisse viverra, nisl sed viverra congue, ante nunc tincidunt justo, non tempor mi augue nec mauris. Praesent rhoncus, magna eget tincidunt feugiat, lacus purus.<\/p>\n<p>Curabitur lorem justo, lobortis a justo quis, hendrerit porttitor erat. Suspendisse viverra, nisl sed viverra congue, ante nunc tincidunt justo, non tempor mi augue nec mauris. Praesent rhoncus, magna eget tincidunt feugiat, lacus purus.<\/p>\n<\/div>\n\t\t\t\t<\/div>\n\t\t\t\t\t\t\t<div class=\"elementor-toggle-item\">\n\t\t\t\t\t<div id=\"elementor-tab-title-4516\" class=\"elementor-tab-title\" data-tab=\"6\" role=\"button\" aria-controls=\"elementor-tab-content-4516\" aria-expanded=\"false\">\n\t\t\t\t\t\t\t\t\t\t\t\t<span class=\"elementor-toggle-icon elementor-toggle-icon-right\" aria-hidden=\"true\">\n\t\t\t\t\t\t\t\t\t\t\t\t\t\t\t<span class=\"elementor-toggle-icon-closed\"><i class=\"fas fa-chevron-down\"><\/i><\/span>\n\t\t\t\t\t\t\t\t<span class=\"elementor-toggle-icon-opened\"><i class=\"elementor-toggle-icon-opened fas fa-chevron-up\"><\/i><\/span>\n\t\t\t\t\t\t\t\t\t\t\t\t\t<\/span>\n\t\t\t\t\t\t\t\t\t\t\t\t<a class=\"elementor-toggle-title\" tabindex=\"0\">Pytanie<\/a>\n\t\t\t\t\t<\/div>\n\n\t\t\t\t\t<div id=\"elementor-tab-content-4516\" class=\"elementor-tab-content elementor-clearfix\" data-tab=\"6\" role=\"region\" aria-labelledby=\"elementor-tab-title-4516\"><p>Lorem ipsum dolor sit amet, consectetur adipiscing elit. Ut elit tellus, luctus nec ullamcorper mattis, pulvinar dapibus leo.<\/p>\n<p>Curabitur lorem justo, lobortis a justo quis, hendrerit porttitor erat. Suspendisse viverra, nisl sed viverra congue, ante nunc tincidunt justo, non tempor mi augue nec mauris. Praesent rhoncus, magna eget tincidunt feugiat, lacus purus.<\/p>\n<p>Curabitur lorem justo, lobortis a justo quis, hendrerit porttitor erat. Suspendisse viverra, nisl sed viverra congue, ante nunc tincidunt justo, non tempor mi augue nec mauris. Praesent rhoncus, magna eget tincidunt feugiat, lacus purus.<\/p>\n<\/div>\n\t\t\t\t<\/div>\n\t\t\t\t\t\t\t<div class=\"elementor-toggle-item\">\n\t\t\t\t\t<div id=\"elementor-tab-title-4517\" class=\"elementor-tab-title\" data-tab=\"7\" role=\"button\" aria-controls=\"elementor-tab-content-4517\" aria-expanded=\"false\">\n\t\t\t\t\t\t\t\t\t\t\t\t<span class=\"elementor-toggle-icon elementor-toggle-icon-right\" aria-hidden=\"true\">\n\t\t\t\t\t\t\t\t\t\t\t\t\t\t\t<span class=\"elementor-toggle-icon-closed\"><i class=\"fas fa-chevron-down\"><\/i><\/span>\n\t\t\t\t\t\t\t\t<span class=\"elementor-toggle-icon-opened\"><i class=\"elementor-toggle-icon-opened fas fa-chevron-up\"><\/i><\/span>\n\t\t\t\t\t\t\t\t\t\t\t\t\t<\/span>\n\t\t\t\t\t\t\t\t\t\t\t\t<a class=\"elementor-toggle-title\" tabindex=\"0\">Pytanie<\/a>\n\t\t\t\t\t<\/div>\n\n\t\t\t\t\t<div id=\"elementor-tab-content-4517\" class=\"elementor-tab-content elementor-clearfix\" data-tab=\"7\" role=\"region\" aria-labelledby=\"elementor-tab-title-4517\"><p>Lorem ipsum dolor sit amet, consectetur adipiscing elit. Ut elit tellus, luctus nec ullamcorper mattis, pulvinar dapibus leo.<\/p>\n<p>Curabitur lorem justo, lobortis a justo quis, hendrerit porttitor erat. Suspendisse viverra, nisl sed viverra congue, ante nunc tincidunt justo, non tempor mi augue nec mauris. Praesent rhoncus, magna eget tincidunt feugiat, lacus purus.<\/p>\n<p>Curabitur lorem justo, lobortis a justo quis, hendrerit porttitor erat. Suspendisse viverra, nisl sed viverra congue, ante nunc tincidunt justo, non tempor mi augue nec mauris. Praesent rhoncus, magna eget tincidunt feugiat, lacus purus.<\/p>\n<\/div>\n\t\t\t\t<\/div>\n\t\t\t\t\t\t\t\t<\/div>\n\t\t\t\t\t\t<\/div>\n\t\t\t\t<\/div>\n\t\t\t\t\t<\/div>\n\t\t\t\t<\/div>\n\t\t\t\t<\/div>\n\t\t","protected":false},"excerpt":{"rendered":"<p>Cz\u0119sto Zadawane Pytania Pytanie Lorem ipsum dolor sit amet, consectetur adipiscing elit. Ut elit tellus, luctus nec ullamcorper mattis, pulvinar dapibus leo. Curabitur lorem justo, lobortis a justo quis, hendrerit porttitor erat. Suspendisse viverra, nisl sed viverra congue, ante nunc tincidunt justo, non tempor mi augue nec mauris. Praesent rhoncus, magna eget tincidunt feugiat, lacus [&hellip;]<\/p>\n","protected":false},"author":2,"featured_media":3701,"parent":0,"menu_order":0,"comment_status":"closed","ping_status":"closed","template":"elementor_header_footer","meta":{"footnotes":""},"class_list":["post-3775","page","type-page","status-publish","has-post-thumbnail","hentry"],"yoast_head":"<!-- This site is optimized with the Yoast SEO plugin v27.4 - https:\/\/yoast.com\/product\/yoast-seo-wordpress\/ -->\n<title>Cz\u0119sto Zadawane Pytania - Soloom Jewels<\/title>\n<meta name=\"description\" content=\"W SOLOOM Jewels tworzymy spersonalizowan\u0105, luksusow\u0105 bi\u017cuteri\u0119 z rzadkich klejnot\u00f3w pochodz\u0105cych z Tanzanii, zgodnie z \u017cyczeniem klienta.\" \/>\n<meta name=\"robots\" content=\"index, follow, max-snippet:-1, max-image-preview:large, max-video-preview:-1\" \/>\n<link rel=\"canonical\" href=\"https:\/\/soloom.uk\/pl\/czesto-zadawane-pytania\/\" \/>\n<meta property=\"og:locale\" content=\"pl_PL\" \/>\n<meta property=\"og:type\" content=\"article\" \/>\n<meta property=\"og:title\" content=\"Cz\u0119sto Zadawane Pytania - Soloom Jewels\" \/>\n<meta property=\"og:description\" content=\"W SOLOOM Jewels tworzymy spersonalizowan\u0105, luksusow\u0105 bi\u017cuteri\u0119 z rzadkich klejnot\u00f3w pochodz\u0105cych z Tanzanii, zgodnie z \u017cyczeniem klienta.\" \/>\n<meta property=\"og:url\" content=\"https:\/\/soloom.uk\/pl\/czesto-zadawane-pytania\/\" \/>\n<meta property=\"og:site_name\" content=\"Soloom Jewels\" \/>\n<meta property=\"article:modified_time\" content=\"2024-01-16T10:05:39+00:00\" \/>\n<meta property=\"og:image\" content=\"https:\/\/soloom.uk\/wp-content\/uploads\/2023\/06\/ig-logo22.png\" \/>\n\t<meta property=\"og:image:width\" content=\"2288\" \/>\n\t<meta property=\"og:image:height\" content=\"2288\" \/>\n\t<meta property=\"og:image:type\" content=\"image\/png\" \/>\n<meta name=\"twitter:card\" content=\"summary_large_image\" \/>\n<meta name=\"twitter:label1\" content=\"Szacowany czas czytania\" \/>\n\t<meta name=\"twitter:data1\" content=\"3 minuty\" \/>\n<script type=\"application\/ld+json\" class=\"yoast-schema-graph\">{\"@context\":\"https:\\\/\\\/schema.org\",\"@graph\":[{\"@type\":\"WebPage\",\"@id\":\"https:\\\/\\\/soloom.uk\\\/pl\\\/czesto-zadawane-pytania\\\/\",\"url\":\"https:\\\/\\\/soloom.uk\\\/pl\\\/czesto-zadawane-pytania\\\/\",\"name\":\"Cz\u0119sto Zadawane Pytania - Soloom Jewels\",\"isPartOf\":{\"@id\":\"https:\\\/\\\/soloom.uk\\\/pl\\\/#website\"},\"primaryImageOfPage\":{\"@id\":\"https:\\\/\\\/soloom.uk\\\/pl\\\/czesto-zadawane-pytania\\\/#primaryimage\"},\"image\":{\"@id\":\"https:\\\/\\\/soloom.uk\\\/pl\\\/czesto-zadawane-pytania\\\/#primaryimage\"},\"thumbnailUrl\":\"https:\\\/\\\/soloom.uk\\\/wp-content\\\/uploads\\\/2023\\\/06\\\/ig-logo22.png\",\"datePublished\":\"2023-05-22T12:42:40+00:00\",\"dateModified\":\"2024-01-16T10:05:39+00:00\",\"description\":\"W SOLOOM Jewels tworzymy spersonalizowan\u0105, luksusow\u0105 bi\u017cuteri\u0119 z rzadkich klejnot\u00f3w pochodz\u0105cych z Tanzanii, zgodnie z \u017cyczeniem klienta.\",\"breadcrumb\":{\"@id\":\"https:\\\/\\\/soloom.uk\\\/pl\\\/czesto-zadawane-pytania\\\/#breadcrumb\"},\"inLanguage\":\"pl-PL\",\"potentialAction\":[{\"@type\":\"ReadAction\",\"target\":[\"https:\\\/\\\/soloom.uk\\\/pl\\\/czesto-zadawane-pytania\\\/\"]}]},{\"@type\":\"ImageObject\",\"inLanguage\":\"pl-PL\",\"@id\":\"https:\\\/\\\/soloom.uk\\\/pl\\\/czesto-zadawane-pytania\\\/#primaryimage\",\"url\":\"https:\\\/\\\/soloom.uk\\\/wp-content\\\/uploads\\\/2023\\\/06\\\/ig-logo22.png\",\"contentUrl\":\"https:\\\/\\\/soloom.uk\\\/wp-content\\\/uploads\\\/2023\\\/06\\\/ig-logo22.png\",\"width\":2288,\"height\":2288},{\"@type\":\"BreadcrumbList\",\"@id\":\"https:\\\/\\\/soloom.uk\\\/pl\\\/czesto-zadawane-pytania\\\/#breadcrumb\",\"itemListElement\":[{\"@type\":\"ListItem\",\"position\":1,\"name\":\"Domovsk\u00e1 str\u00e1nka\",\"item\":\"https:\\\/\\\/soloom.uk\\\/pl\\\/strona-glowna\\\/\"},{\"@type\":\"ListItem\",\"position\":2,\"name\":\"Cz\u0119sto Zadawane Pytania\"}]},{\"@type\":\"WebSite\",\"@id\":\"https:\\\/\\\/soloom.uk\\\/pl\\\/#website\",\"url\":\"https:\\\/\\\/soloom.uk\\\/pl\\\/\",\"name\":\"Soloom Jewels\",\"description\":\"\",\"publisher\":{\"@id\":\"https:\\\/\\\/soloom.uk\\\/pl\\\/#organization\"},\"potentialAction\":[{\"@type\":\"SearchAction\",\"target\":{\"@type\":\"EntryPoint\",\"urlTemplate\":\"https:\\\/\\\/soloom.uk\\\/pl\\\/?s={search_term_string}\"},\"query-input\":{\"@type\":\"PropertyValueSpecification\",\"valueRequired\":true,\"valueName\":\"search_term_string\"}}],\"inLanguage\":\"pl-PL\"},{\"@type\":\"Organization\",\"@id\":\"https:\\\/\\\/soloom.uk\\\/pl\\\/#organization\",\"name\":\"Soloom Jewels\",\"url\":\"https:\\\/\\\/soloom.uk\\\/pl\\\/\",\"logo\":{\"@type\":\"ImageObject\",\"inLanguage\":\"pl-PL\",\"@id\":\"https:\\\/\\\/soloom.uk\\\/pl\\\/#\\\/schema\\\/logo\\\/image\\\/\",\"url\":\"https:\\\/\\\/soloom.uk\\\/wp-content\\\/uploads\\\/2023\\\/05\\\/cropped-soloom.png\",\"contentUrl\":\"https:\\\/\\\/soloom.uk\\\/wp-content\\\/uploads\\\/2023\\\/05\\\/cropped-soloom.png\",\"width\":1905,\"height\":306,\"caption\":\"Soloom Jewels\"},\"image\":{\"@id\":\"https:\\\/\\\/soloom.uk\\\/pl\\\/#\\\/schema\\\/logo\\\/image\\\/\"}}]}<\/script>\n<!-- \/ Yoast SEO plugin. -->","yoast_head_json":{"title":"Cz\u0119sto Zadawane Pytania - Soloom Jewels","description":"W SOLOOM Jewels tworzymy spersonalizowan\u0105, luksusow\u0105 bi\u017cuteri\u0119 z rzadkich klejnot\u00f3w pochodz\u0105cych z Tanzanii, zgodnie z \u017cyczeniem klienta.","robots":{"index":"index","follow":"follow","max-snippet":"max-snippet:-1","max-image-preview":"max-image-preview:large","max-video-preview":"max-video-preview:-1"},"canonical":"https:\/\/soloom.uk\/pl\/czesto-zadawane-pytania\/","og_locale":"pl_PL","og_type":"article","og_title":"Cz\u0119sto Zadawane Pytania - Soloom Jewels","og_description":"W SOLOOM Jewels tworzymy spersonalizowan\u0105, luksusow\u0105 bi\u017cuteri\u0119 z rzadkich klejnot\u00f3w pochodz\u0105cych z Tanzanii, zgodnie z \u017cyczeniem klienta.","og_url":"https:\/\/soloom.uk\/pl\/czesto-zadawane-pytania\/","og_site_name":"Soloom Jewels","article_modified_time":"2024-01-16T10:05:39+00:00","og_image":[{"width":2288,"height":2288,"url":"https:\/\/soloom.uk\/wp-content\/uploads\/2023\/06\/ig-logo22.png","type":"image\/png"}],"twitter_card":"summary_large_image","twitter_misc":{"Szacowany czas czytania":"3 minuty"},"schema":{"@context":"https:\/\/schema.org","@graph":[{"@type":"WebPage","@id":"https:\/\/soloom.uk\/pl\/czesto-zadawane-pytania\/","url":"https:\/\/soloom.uk\/pl\/czesto-zadawane-pytania\/","name":"Cz\u0119sto Zadawane Pytania - Soloom Jewels","isPartOf":{"@id":"https:\/\/soloom.uk\/pl\/#website"},"primaryImageOfPage":{"@id":"https:\/\/soloom.uk\/pl\/czesto-zadawane-pytania\/#primaryimage"},"image":{"@id":"https:\/\/soloom.uk\/pl\/czesto-zadawane-pytania\/#primaryimage"},"thumbnailUrl":"https:\/\/soloom.uk\/wp-content\/uploads\/2023\/06\/ig-logo22.png","datePublished":"2023-05-22T12:42:40+00:00","dateModified":"2024-01-16T10:05:39+00:00","description":"W SOLOOM Jewels tworzymy spersonalizowan\u0105, luksusow\u0105 bi\u017cuteri\u0119 z rzadkich klejnot\u00f3w pochodz\u0105cych z Tanzanii, zgodnie z \u017cyczeniem klienta.","breadcrumb":{"@id":"https:\/\/soloom.uk\/pl\/czesto-zadawane-pytania\/#breadcrumb"},"inLanguage":"pl-PL","potentialAction":[{"@type":"ReadAction","target":["https:\/\/soloom.uk\/pl\/czesto-zadawane-pytania\/"]}]},{"@type":"ImageObject","inLanguage":"pl-PL","@id":"https:\/\/soloom.uk\/pl\/czesto-zadawane-pytania\/#primaryimage","url":"https:\/\/soloom.uk\/wp-content\/uploads\/2023\/06\/ig-logo22.png","contentUrl":"https:\/\/soloom.uk\/wp-content\/uploads\/2023\/06\/ig-logo22.png","width":2288,"height":2288},{"@type":"BreadcrumbList","@id":"https:\/\/soloom.uk\/pl\/czesto-zadawane-pytania\/#breadcrumb","itemListElement":[{"@type":"ListItem","position":1,"name":"Domovsk\u00e1 str\u00e1nka","item":"https:\/\/soloom.uk\/pl\/strona-glowna\/"},{"@type":"ListItem","position":2,"name":"Cz\u0119sto Zadawane Pytania"}]},{"@type":"WebSite","@id":"https:\/\/soloom.uk\/pl\/#website","url":"https:\/\/soloom.uk\/pl\/","name":"Soloom Jewels","description":"","publisher":{"@id":"https:\/\/soloom.uk\/pl\/#organization"},"potentialAction":[{"@type":"SearchAction","target":{"@type":"EntryPoint","urlTemplate":"https:\/\/soloom.uk\/pl\/?s={search_term_string}"},"query-input":{"@type":"PropertyValueSpecification","valueRequired":true,"valueName":"search_term_string"}}],"inLanguage":"pl-PL"},{"@type":"Organization","@id":"https:\/\/soloom.uk\/pl\/#organization","name":"Soloom Jewels","url":"https:\/\/soloom.uk\/pl\/","logo":{"@type":"ImageObject","inLanguage":"pl-PL","@id":"https:\/\/soloom.uk\/pl\/#\/schema\/logo\/image\/","url":"https:\/\/soloom.uk\/wp-content\/uploads\/2023\/05\/cropped-soloom.png","contentUrl":"https:\/\/soloom.uk\/wp-content\/uploads\/2023\/05\/cropped-soloom.png","width":1905,"height":306,"caption":"Soloom Jewels"},"image":{"@id":"https:\/\/soloom.uk\/pl\/#\/schema\/logo\/image\/"}}]}},"_links":{"self":[{"href":"https:\/\/soloom.uk\/pl\/wp-json\/wp\/v2\/pages\/3775","targetHints":{"allow":["GET"]}}],"collection":[{"href":"https:\/\/soloom.uk\/pl\/wp-json\/wp\/v2\/pages"}],"about":[{"href":"https:\/\/soloom.uk\/pl\/wp-json\/wp\/v2\/types\/page"}],"author":[{"embeddable":true,"href":"https:\/\/soloom.uk\/pl\/wp-json\/wp\/v2\/users\/2"}],"replies":[{"embeddable":true,"href":"https:\/\/soloom.uk\/pl\/wp-json\/wp\/v2\/comments?post=3775"}],"version-history":[{"count":1,"href":"https:\/\/soloom.uk\/pl\/wp-json\/wp\/v2\/pages\/3775\/revisions"}],"predecessor-version":[{"id":3776,"href":"https:\/\/soloom.uk\/pl\/wp-json\/wp\/v2\/pages\/3775\/revisions\/3776"}],"wp:featuredmedia":[{"embeddable":true,"href":"https:\/\/soloom.uk\/pl\/wp-json\/wp\/v2\/media\/3701"}],"wp:attachment":[{"href":"https:\/\/soloom.uk\/pl\/wp-json\/wp\/v2\/media?parent=3775"}],"curies":[{"name":"wp","href":"https:\/\/api.w.org\/{rel}","templated":true}]}}