{"id":3401,"date":"2023-06-07T08:59:42","date_gmt":"2023-06-07T06:59:42","guid":{"rendered":"https:\/\/soloom.uk\/test\/"},"modified":"2024-03-01T19:09:47","modified_gmt":"2024-03-01T18:09:47","slug":"test","status":"publish","type":"page","link":"https:\/\/soloom.uk\/cs\/test\/","title":{"rendered":"Test"},"content":{"rendered":"<p>[zobrazit_vsetky_kategorie_wpml]<\/p>\n","protected":false},"excerpt":{"rendered":"","protected":false},"author":1,"featured_media":0,"parent":0,"menu_order":0,"comment_status":"closed","ping_status":"closed","template":"","meta":{"footnotes":""},"class_list":["post-3401","page","type-page","status-publish","hentry"],"yoast_head":"<!-- This site is optimized with the Yoast SEO plugin v27.4 - https:\/\/yoast.com\/product\/yoast-seo-wordpress\/ -->\n<title>Test - Soloom Jewels<\/title>\n<meta name=\"robots\" content=\"index, follow, max-snippet:-1, max-image-preview:large, max-video-preview:-1\" \/>\n<link rel=\"canonical\" href=\"https:\/\/soloom.uk\/cs\/test\/\" \/>\n<meta property=\"og:locale\" content=\"cs_CZ\" \/>\n<meta property=\"og:type\" content=\"article\" \/>\n<meta property=\"og:title\" content=\"Test - Soloom Jewels\" \/>\n<meta property=\"og:url\" content=\"https:\/\/soloom.uk\/cs\/test\/\" \/>\n<meta property=\"og:site_name\" content=\"Soloom Jewels\" \/>\n<meta property=\"article:modified_time\" content=\"2024-03-01T18:09:47+00:00\" \/>\n<meta name=\"twitter:card\" content=\"summary_large_image\" \/>\n<meta name=\"twitter:label1\" content=\"Odhadovan\u00e1 doba \u010dten\u00ed\" \/>\n\t<meta name=\"twitter:data1\" content=\"1 minuta\" \/>\n<script type=\"application\/ld+json\" class=\"yoast-schema-graph\">{\"@context\":\"https:\\\/\\\/schema.org\",\"@graph\":[{\"@type\":\"WebPage\",\"@id\":\"https:\\\/\\\/soloom.uk\\\/cs\\\/test\\\/\",\"url\":\"https:\\\/\\\/soloom.uk\\\/cs\\\/test\\\/\",\"name\":\"Test - Soloom Jewels\",\"isPartOf\":{\"@id\":\"https:\\\/\\\/soloom.uk\\\/cs\\\/#website\"},\"datePublished\":\"2023-06-07T06:59:42+00:00\",\"dateModified\":\"2024-03-01T18:09:47+00:00\",\"breadcrumb\":{\"@id\":\"https:\\\/\\\/soloom.uk\\\/cs\\\/test\\\/#breadcrumb\"},\"inLanguage\":\"cs\",\"potentialAction\":[{\"@type\":\"ReadAction\",\"target\":[\"https:\\\/\\\/soloom.uk\\\/cs\\\/test\\\/\"]}]},{\"@type\":\"BreadcrumbList\",\"@id\":\"https:\\\/\\\/soloom.uk\\\/cs\\\/test\\\/#breadcrumb\",\"itemListElement\":[{\"@type\":\"ListItem\",\"position\":1,\"name\":\"Domovsk\u00e1 str\u00e1nka\",\"item\":\"https:\\\/\\\/soloom.uk\\\/cs\\\/homepage\\\/\"},{\"@type\":\"ListItem\",\"position\":2,\"name\":\"Test\"}]},{\"@type\":\"WebSite\",\"@id\":\"https:\\\/\\\/soloom.uk\\\/cs\\\/#website\",\"url\":\"https:\\\/\\\/soloom.uk\\\/cs\\\/\",\"name\":\"Soloom Jewels\",\"description\":\"\",\"publisher\":{\"@id\":\"https:\\\/\\\/soloom.uk\\\/cs\\\/#organization\"},\"potentialAction\":[{\"@type\":\"SearchAction\",\"target\":{\"@type\":\"EntryPoint\",\"urlTemplate\":\"https:\\\/\\\/soloom.uk\\\/cs\\\/?s={search_term_string}\"},\"query-input\":{\"@type\":\"PropertyValueSpecification\",\"valueRequired\":true,\"valueName\":\"search_term_string\"}}],\"inLanguage\":\"cs\"},{\"@type\":\"Organization\",\"@id\":\"https:\\\/\\\/soloom.uk\\\/cs\\\/#organization\",\"name\":\"Soloom Jewels\",\"url\":\"https:\\\/\\\/soloom.uk\\\/cs\\\/\",\"logo\":{\"@type\":\"ImageObject\",\"inLanguage\":\"cs\",\"@id\":\"https:\\\/\\\/soloom.uk\\\/cs\\\/#\\\/schema\\\/logo\\\/image\\\/\",\"url\":\"https:\\\/\\\/soloom.uk\\\/wp-content\\\/uploads\\\/2023\\\/05\\\/cropped-soloom.png\",\"contentUrl\":\"https:\\\/\\\/soloom.uk\\\/wp-content\\\/uploads\\\/2023\\\/05\\\/cropped-soloom.png\",\"width\":1905,\"height\":306,\"caption\":\"Soloom Jewels\"},\"image\":{\"@id\":\"https:\\\/\\\/soloom.uk\\\/cs\\\/#\\\/schema\\\/logo\\\/image\\\/\"}}]}<\/script>\n<!-- \/ Yoast SEO plugin. -->","yoast_head_json":{"title":"Test - Soloom Jewels","robots":{"index":"index","follow":"follow","max-snippet":"max-snippet:-1","max-image-preview":"max-image-preview:large","max-video-preview":"max-video-preview:-1"},"canonical":"https:\/\/soloom.uk\/cs\/test\/","og_locale":"cs_CZ","og_type":"article","og_title":"Test - Soloom Jewels","og_url":"https:\/\/soloom.uk\/cs\/test\/","og_site_name":"Soloom Jewels","article_modified_time":"2024-03-01T18:09:47+00:00","twitter_card":"summary_large_image","twitter_misc":{"Odhadovan\u00e1 doba \u010dten\u00ed":"1 minuta"},"schema":{"@context":"https:\/\/schema.org","@graph":[{"@type":"WebPage","@id":"https:\/\/soloom.uk\/cs\/test\/","url":"https:\/\/soloom.uk\/cs\/test\/","name":"Test - Soloom Jewels","isPartOf":{"@id":"https:\/\/soloom.uk\/cs\/#website"},"datePublished":"2023-06-07T06:59:42+00:00","dateModified":"2024-03-01T18:09:47+00:00","breadcrumb":{"@id":"https:\/\/soloom.uk\/cs\/test\/#breadcrumb"},"inLanguage":"cs","potentialAction":[{"@type":"ReadAction","target":["https:\/\/soloom.uk\/cs\/test\/"]}]},{"@type":"BreadcrumbList","@id":"https:\/\/soloom.uk\/cs\/test\/#breadcrumb","itemListElement":[{"@type":"ListItem","position":1,"name":"Domovsk\u00e1 str\u00e1nka","item":"https:\/\/soloom.uk\/cs\/homepage\/"},{"@type":"ListItem","position":2,"name":"Test"}]},{"@type":"WebSite","@id":"https:\/\/soloom.uk\/cs\/#website","url":"https:\/\/soloom.uk\/cs\/","name":"Soloom Jewels","description":"","publisher":{"@id":"https:\/\/soloom.uk\/cs\/#organization"},"potentialAction":[{"@type":"SearchAction","target":{"@type":"EntryPoint","urlTemplate":"https:\/\/soloom.uk\/cs\/?s={search_term_string}"},"query-input":{"@type":"PropertyValueSpecification","valueRequired":true,"valueName":"search_term_string"}}],"inLanguage":"cs"},{"@type":"Organization","@id":"https:\/\/soloom.uk\/cs\/#organization","name":"Soloom Jewels","url":"https:\/\/soloom.uk\/cs\/","logo":{"@type":"ImageObject","inLanguage":"cs","@id":"https:\/\/soloom.uk\/cs\/#\/schema\/logo\/image\/","url":"https:\/\/soloom.uk\/wp-content\/uploads\/2023\/05\/cropped-soloom.png","contentUrl":"https:\/\/soloom.uk\/wp-content\/uploads\/2023\/05\/cropped-soloom.png","width":1905,"height":306,"caption":"Soloom Jewels"},"image":{"@id":"https:\/\/soloom.uk\/cs\/#\/schema\/logo\/image\/"}}]}},"_links":{"self":[{"href":"https:\/\/soloom.uk\/cs\/wp-json\/wp\/v2\/pages\/3401","targetHints":{"allow":["GET"]}}],"collection":[{"href":"https:\/\/soloom.uk\/cs\/wp-json\/wp\/v2\/pages"}],"about":[{"href":"https:\/\/soloom.uk\/cs\/wp-json\/wp\/v2\/types\/page"}],"author":[{"embeddable":true,"href":"https:\/\/soloom.uk\/cs\/wp-json\/wp\/v2\/users\/1"}],"replies":[{"embeddable":true,"href":"https:\/\/soloom.uk\/cs\/wp-json\/wp\/v2\/comments?post=3401"}],"version-history":[{"count":2,"href":"https:\/\/soloom.uk\/cs\/wp-json\/wp\/v2\/pages\/3401\/revisions"}],"predecessor-version":[{"id":4368,"href":"https:\/\/soloom.uk\/cs\/wp-json\/wp\/v2\/pages\/3401\/revisions\/4368"}],"wp:attachment":[{"href":"https:\/\/soloom.uk\/cs\/wp-json\/wp\/v2\/media?parent=3401"}],"curies":[{"name":"wp","href":"https:\/\/api.w.org\/{rel}","templated":true}]}}