{"id":3362,"date":"2023-05-22T14:06:02","date_gmt":"2023-05-22T12:06:02","guid":{"rendered":"https:\/\/soloom.uk\/retail\/"},"modified":"2024-01-02T15:29:28","modified_gmt":"2024-01-02T14:29:28","slug":"retail","status":"publish","type":"page","link":"https:\/\/soloom.uk\/cs\/retail\/","title":{"rendered":"Retail"},"content":{"rendered":"\t\t<div data-elementor-type=\"wp-page\" data-elementor-id=\"3362\" class=\"elementor elementor-3362 elementor-229\" data-elementor-post-type=\"page\">\n\t\t\t\t<div class=\"elementor-element elementor-element-2265d3d e-flex e-con-boxed e-con e-parent\" data-id=\"2265d3d\" data-element_type=\"container\" data-settings=\"{&quot;background_background&quot;:&quot;video&quot;,&quot;background_video_link&quot;:&quot;https:\\\/\\\/soloom.uk\\\/wp-content\\\/uploads\\\/2023\\\/05\\\/final.mp4&quot;}\">\n\t\t\t\t\t<div class=\"e-con-inner\">\n\t\t<div class=\"elementor-background-video-container elementor-hidden-mobile\" aria-hidden=\"true\">\n\t\t\t\t\t\t\t<video class=\"elementor-background-video-hosted\" autoplay muted playsinline loop><\/video>\n\t\t\t\t\t<\/div>\t\t<div class=\"elementor-element elementor-element-681ef981 elementor-widget elementor-widget-heading\" data-id=\"681ef981\" data-element_type=\"widget\" data-widget_type=\"heading.default\">\n\t\t\t\t<div class=\"elementor-widget-container\">\n\t\t\t\t\t<h2 class=\"elementor-heading-title elementor-size-default\">Na\u0161e showroomy<\/h2>\t\t\t\t<\/div>\n\t\t\t\t<\/div>\n\t\t\t\t\t<\/div>\n\t\t\t\t<\/div>\n\t\t<div class=\"elementor-element elementor-element-66cd5bcf e-flex e-con-boxed e-con e-parent\" data-id=\"66cd5bcf\" data-element_type=\"container\">\n\t\t\t\t\t<div class=\"e-con-inner\">\n\t\t\t\t<div class=\"elementor-element elementor-element-12247b22 elementor-widget elementor-widget-heading\" data-id=\"12247b22\" data-element_type=\"widget\" data-widget_type=\"heading.default\">\n\t\t\t\t<div class=\"elementor-widget-container\">\n\t\t\t\t\t<h2 class=\"elementor-heading-title elementor-size-default\">Bratislava showroom<\/h2>\t\t\t\t<\/div>\n\t\t\t\t<\/div>\n\t\t\t\t<div class=\"elementor-element elementor-element-1cbdf306 elementor-widget elementor-widget-text-editor\" data-id=\"1cbdf306\" data-element_type=\"widget\" data-widget_type=\"text-editor.default\">\n\t\t\t\t<div class=\"elementor-widget-container\">\n\t\t\t\t\t\t\t\t\t<p>Otev\u0159en\u00fd<\/p>\n\t\t\t\t\t\t\t\t<\/div>\n\t\t\t\t<\/div>\n\t\t\t\t\t<\/div>\n\t\t\t\t<\/div>\n\t\t<div class=\"elementor-element elementor-element-4f57087 e-flex e-con-boxed e-con e-parent\" data-id=\"4f57087\" data-element_type=\"container\">\n\t\t\t\t\t<div class=\"e-con-inner\">\n\t\t<div class=\"elementor-element elementor-element-76fa033e e-con-full e-flex e-con e-parent\" data-id=\"76fa033e\" data-element_type=\"container\">\n\t\t\t\t<div class=\"elementor-element elementor-element-28ab502 elementor-widget elementor-widget-image\" data-id=\"28ab502\" data-element_type=\"widget\" data-widget_type=\"image.default\">\n\t\t\t\t<div class=\"elementor-widget-container\">\n\t\t\t\t\t\t\t\t\t\t\t\t\t\t\t<img fetchpriority=\"high\" decoding=\"async\" width=\"768\" height=\"798\" src=\"https:\/\/soloom.uk\/wp-content\/uploads\/2023\/05\/61a8bf6e-2102-40b5-8938-d0683f069673-e1685360183277.jpg\" class=\"attachment-large size-large wp-image-3378\" alt=\"\" srcset=\"https:\/\/soloom.uk\/wp-content\/uploads\/2023\/05\/61a8bf6e-2102-40b5-8938-d0683f069673-e1685360183277.jpg 768w, https:\/\/soloom.uk\/wp-content\/uploads\/2023\/05\/61a8bf6e-2102-40b5-8938-d0683f069673-e1685360183277-289x300.jpg 289w\" sizes=\"(max-width: 768px) 100vw, 768px\" \/>\t\t\t\t\t\t\t\t\t\t\t\t\t\t\t<\/div>\n\t\t\t\t<\/div>\n\t\t\t\t<\/div>\n\t\t<div class=\"elementor-element elementor-element-6449a989 e-con-full e-flex e-con e-parent\" data-id=\"6449a989\" data-element_type=\"container\">\n\t\t\t\t<div class=\"elementor-element elementor-element-3e626929 elementor-widget elementor-widget-text-editor\" data-id=\"3e626929\" data-element_type=\"widget\" data-widget_type=\"text-editor.default\">\n\t\t\t\t<div class=\"elementor-widget-container\">\n\t\t\t\t\t\t\t\t\t<p>Od zalo\u017een\u00ed spole\u010dnosti v roce 2022 je pro n\u00e1s nejd\u016fle\u017eit\u011bj\u0161\u00ed vysok\u00fd standard, kter\u00fd nab\u00edz\u00edme na\u0161im klient\u016fm. SOLOOM reprezentuje dokonalost obsa\u017eenou v t\u011bch nejkr\u00e1sn\u011bj\u0161\u00edch drah\u00fdch kamenech z na\u0161ich dol\u016f v africk\u00e9 Tanzanii, ale iz jin\u00fdch zem\u00ed sv\u011bta, a vy jim vdechnete \u017eivot, d\u00e1te jim jedine\u010dnou podobu, stanou se sou\u010d\u00e1st\u00ed va\u0161eho p\u0159\u00edb\u011bhu.<\/p>\n\t\t\t\t\t\t\t\t<\/div>\n\t\t\t\t<\/div>\n\t\t<div class=\"elementor-element elementor-element-fbf7fc2 e-grid e-con-boxed e-con e-parent\" data-id=\"fbf7fc2\" data-element_type=\"container\">\n\t\t\t\t\t<div class=\"e-con-inner\">\n\t\t\t\t<div class=\"elementor-element elementor-element-24e0377 elementor-widget elementor-widget-heading\" data-id=\"24e0377\" data-element_type=\"widget\" data-widget_type=\"heading.default\">\n\t\t\t\t<div class=\"elementor-widget-container\">\n\t\t\t\t\t<h2 class=\"elementor-heading-title elementor-size-default\">Adresa<\/h2>\t\t\t\t<\/div>\n\t\t\t\t<\/div>\n\t\t\t\t<div class=\"elementor-element elementor-element-65606e9 elementor-widget elementor-widget-heading\" data-id=\"65606e9\" data-element_type=\"widget\" data-widget_type=\"heading.default\">\n\t\t\t\t<div class=\"elementor-widget-container\">\n\t\t\t\t\t<h2 class=\"elementor-heading-title elementor-size-default\">Z\u00e1mock\u00e1 8, 811 01 Bratislava<\/h2>\t\t\t\t<\/div>\n\t\t\t\t<\/div>\n\t\t\t\t<div class=\"elementor-element elementor-element-0e2d9f0 elementor-widget elementor-widget-heading\" data-id=\"0e2d9f0\" data-element_type=\"widget\" data-widget_type=\"heading.default\">\n\t\t\t\t<div class=\"elementor-widget-container\">\n\t\t\t\t\t<h2 class=\"elementor-heading-title elementor-size-default\">Kontakt<\/h2>\t\t\t\t<\/div>\n\t\t\t\t<\/div>\n\t\t\t\t<div class=\"elementor-element elementor-element-df21831 elementor-icon-list--layout-traditional elementor-list-item-link-full_width elementor-widget elementor-widget-icon-list\" data-id=\"df21831\" data-element_type=\"widget\" data-widget_type=\"icon-list.default\">\n\t\t\t\t<div class=\"elementor-widget-container\">\n\t\t\t\t\t\t\t<ul class=\"elementor-icon-list-items\">\n\t\t\t\t\t\t\t<li class=\"elementor-icon-list-item\">\n\t\t\t\t\t\t\t\t\t\t\t<a href=\"tel:+421948411885\">\n\n\t\t\t\t\t\t\t\t\t\t\t<span class=\"elementor-icon-list-text\">+421 948 411 885<\/span>\n\t\t\t\t\t\t\t\t\t\t\t<\/a>\n\t\t\t\t\t\t\t\t\t<\/li>\n\t\t\t\t\t\t\t\t<li class=\"elementor-icon-list-item\">\n\t\t\t\t\t\t\t\t\t\t\t<a href=\"mailto:soloom@soloom.uk\">\n\n\t\t\t\t\t\t\t\t\t\t\t<span class=\"elementor-icon-list-text\">soloom@soloom.uk<\/span>\n\t\t\t\t\t\t\t\t\t\t\t<\/a>\n\t\t\t\t\t\t\t\t\t<\/li>\n\t\t\t\t\t\t<\/ul>\n\t\t\t\t\t\t<\/div>\n\t\t\t\t<\/div>\n\t\t\t\t\t<\/div>\n\t\t\t\t<\/div>\n\t\t<div class=\"elementor-element elementor-element-066afee e-flex e-con-boxed e-con e-parent\" data-id=\"066afee\" data-element_type=\"container\">\n\t\t\t\t\t<div class=\"e-con-inner\">\n\t\t\t\t\t<\/div>\n\t\t\t\t<\/div>\n\t\t\t\t<\/div>\n\t\t\t\t\t<\/div>\n\t\t\t\t<\/div>\n\t\t<div class=\"elementor-element elementor-element-2745009 e-flex e-con-boxed e-con e-parent\" data-id=\"2745009\" data-element_type=\"container\">\n\t\t\t\t\t<div class=\"e-con-inner\">\n\t\t\t\t<div class=\"elementor-element elementor-element-689fb51 elementor-widget elementor-widget-heading\" data-id=\"689fb51\" data-element_type=\"widget\" data-widget_type=\"heading.default\">\n\t\t\t\t<div class=\"elementor-widget-container\">\n\t\t\t\t\t<h2 class=\"elementor-heading-title elementor-size-default\">Dubaj showroom<\/h2>\t\t\t\t<\/div>\n\t\t\t\t<\/div>\n\t\t\t\t<div class=\"elementor-element elementor-element-196ce9e elementor-widget elementor-widget-text-editor\" data-id=\"196ce9e\" data-element_type=\"widget\" data-widget_type=\"text-editor.default\">\n\t\t\t\t<div class=\"elementor-widget-container\">\n\t\t\t\t\t\t\t\t\t<p>P\u0159ipravujeme<\/p>\n\t\t\t\t\t\t\t\t<\/div>\n\t\t\t\t<\/div>\n\t\t\t\t\t<\/div>\n\t\t\t\t<\/div>\n\t\t\t\t<\/div>\n\t\t","protected":false},"excerpt":{"rendered":"<p>Na\u0161e showroomy Bratislava showroom Otev\u0159en\u00fd Od zalo\u017een\u00ed spole\u010dnosti v roce 2022 je pro n\u00e1s nejd\u016fle\u017eit\u011bj\u0161\u00ed vysok\u00fd standard, kter\u00fd nab\u00edz\u00edme na\u0161im klient\u016fm. SOLOOM reprezentuje dokonalost obsa\u017eenou v t\u011bch nejkr\u00e1sn\u011bj\u0161\u00edch drah\u00fdch kamenech z na\u0161ich dol\u016f v africk\u00e9 Tanzanii, ale iz jin\u00fdch zem\u00ed sv\u011bta, a vy jim vdechnete \u017eivot, d\u00e1te jim jedine\u010dnou podobu, stanou se sou\u010d\u00e1st\u00ed va\u0161eho p\u0159\u00edb\u011bhu. [&hellip;]<\/p>\n","protected":false},"author":2,"featured_media":3334,"parent":0,"menu_order":0,"comment_status":"closed","ping_status":"closed","template":"elementor_header_footer","meta":{"footnotes":""},"class_list":["post-3362","page","type-page","status-publish","has-post-thumbnail","hentry"],"yoast_head":"<!-- This site is optimized with the Yoast SEO plugin v27.4 - https:\/\/yoast.com\/product\/yoast-seo-wordpress\/ -->\n<title>Retail - Soloom Jewels<\/title>\n<meta name=\"description\" content=\"V Soloom Jewels se v\u011bnujeme vytv\u00e1\u0159en\u00ed personalizovan\u00fdch \u0161perk\u016f. P\u0159ij\u010fte do na\u0161eho showroomu a prohl\u00e9dn\u011bte si d\u00edla na\u0161ich \u0161perka\u0159\u016f.\" \/>\n<meta name=\"robots\" content=\"index, follow, max-snippet:-1, max-image-preview:large, max-video-preview:-1\" \/>\n<link rel=\"canonical\" href=\"https:\/\/soloom.uk\/cs\/retail\/\" \/>\n<meta property=\"og:locale\" content=\"cs_CZ\" \/>\n<meta property=\"og:type\" content=\"article\" \/>\n<meta property=\"og:title\" content=\"Retail - Soloom Jewels\" \/>\n<meta property=\"og:description\" content=\"V Soloom Jewels se v\u011bnujeme vytv\u00e1\u0159en\u00ed personalizovan\u00fdch \u0161perk\u016f. P\u0159ij\u010fte do na\u0161eho showroomu a prohl\u00e9dn\u011bte si d\u00edla na\u0161ich \u0161perka\u0159\u016f.\" \/>\n<meta property=\"og:url\" content=\"https:\/\/soloom.uk\/cs\/retail\/\" \/>\n<meta property=\"og:site_name\" content=\"Soloom Jewels\" \/>\n<meta property=\"article:modified_time\" content=\"2024-01-02T14:29:28+00:00\" \/>\n<meta property=\"og:image\" content=\"https:\/\/soloom.uk\/wp-content\/uploads\/2023\/06\/ig-logo22.png\" \/>\n\t<meta property=\"og:image:width\" content=\"2288\" \/>\n\t<meta property=\"og:image:height\" content=\"2288\" \/>\n\t<meta property=\"og:image:type\" content=\"image\/png\" \/>\n<meta name=\"twitter:card\" content=\"summary_large_image\" \/>\n<script type=\"application\/ld+json\" class=\"yoast-schema-graph\">{\"@context\":\"https:\\\/\\\/schema.org\",\"@graph\":[{\"@type\":\"WebPage\",\"@id\":\"https:\\\/\\\/soloom.uk\\\/cs\\\/retail\\\/\",\"url\":\"https:\\\/\\\/soloom.uk\\\/cs\\\/retail\\\/\",\"name\":\"Retail - Soloom Jewels\",\"isPartOf\":{\"@id\":\"https:\\\/\\\/soloom.uk\\\/cs\\\/#website\"},\"primaryImageOfPage\":{\"@id\":\"https:\\\/\\\/soloom.uk\\\/cs\\\/retail\\\/#primaryimage\"},\"image\":{\"@id\":\"https:\\\/\\\/soloom.uk\\\/cs\\\/retail\\\/#primaryimage\"},\"thumbnailUrl\":\"https:\\\/\\\/soloom.uk\\\/wp-content\\\/uploads\\\/2023\\\/06\\\/ig-logo22.png\",\"datePublished\":\"2023-05-22T12:06:02+00:00\",\"dateModified\":\"2024-01-02T14:29:28+00:00\",\"description\":\"V Soloom Jewels se v\u011bnujeme vytv\u00e1\u0159en\u00ed personalizovan\u00fdch \u0161perk\u016f. P\u0159ij\u010fte do na\u0161eho showroomu a prohl\u00e9dn\u011bte si d\u00edla na\u0161ich \u0161perka\u0159\u016f.\",\"breadcrumb\":{\"@id\":\"https:\\\/\\\/soloom.uk\\\/cs\\\/retail\\\/#breadcrumb\"},\"inLanguage\":\"cs\",\"potentialAction\":[{\"@type\":\"ReadAction\",\"target\":[\"https:\\\/\\\/soloom.uk\\\/cs\\\/retail\\\/\"]}]},{\"@type\":\"ImageObject\",\"inLanguage\":\"cs\",\"@id\":\"https:\\\/\\\/soloom.uk\\\/cs\\\/retail\\\/#primaryimage\",\"url\":\"https:\\\/\\\/soloom.uk\\\/wp-content\\\/uploads\\\/2023\\\/06\\\/ig-logo22.png\",\"contentUrl\":\"https:\\\/\\\/soloom.uk\\\/wp-content\\\/uploads\\\/2023\\\/06\\\/ig-logo22.png\",\"width\":2288,\"height\":2288},{\"@type\":\"BreadcrumbList\",\"@id\":\"https:\\\/\\\/soloom.uk\\\/cs\\\/retail\\\/#breadcrumb\",\"itemListElement\":[{\"@type\":\"ListItem\",\"position\":1,\"name\":\"Domovsk\u00e1 str\u00e1nka\",\"item\":\"https:\\\/\\\/soloom.uk\\\/cs\\\/homepage\\\/\"},{\"@type\":\"ListItem\",\"position\":2,\"name\":\"Retail\"}]},{\"@type\":\"WebSite\",\"@id\":\"https:\\\/\\\/soloom.uk\\\/cs\\\/#website\",\"url\":\"https:\\\/\\\/soloom.uk\\\/cs\\\/\",\"name\":\"Soloom Jewels\",\"description\":\"\",\"publisher\":{\"@id\":\"https:\\\/\\\/soloom.uk\\\/cs\\\/#organization\"},\"potentialAction\":[{\"@type\":\"SearchAction\",\"target\":{\"@type\":\"EntryPoint\",\"urlTemplate\":\"https:\\\/\\\/soloom.uk\\\/cs\\\/?s={search_term_string}\"},\"query-input\":{\"@type\":\"PropertyValueSpecification\",\"valueRequired\":true,\"valueName\":\"search_term_string\"}}],\"inLanguage\":\"cs\"},{\"@type\":\"Organization\",\"@id\":\"https:\\\/\\\/soloom.uk\\\/cs\\\/#organization\",\"name\":\"Soloom Jewels\",\"url\":\"https:\\\/\\\/soloom.uk\\\/cs\\\/\",\"logo\":{\"@type\":\"ImageObject\",\"inLanguage\":\"cs\",\"@id\":\"https:\\\/\\\/soloom.uk\\\/cs\\\/#\\\/schema\\\/logo\\\/image\\\/\",\"url\":\"https:\\\/\\\/soloom.uk\\\/wp-content\\\/uploads\\\/2023\\\/05\\\/cropped-soloom.png\",\"contentUrl\":\"https:\\\/\\\/soloom.uk\\\/wp-content\\\/uploads\\\/2023\\\/05\\\/cropped-soloom.png\",\"width\":1905,\"height\":306,\"caption\":\"Soloom Jewels\"},\"image\":{\"@id\":\"https:\\\/\\\/soloom.uk\\\/cs\\\/#\\\/schema\\\/logo\\\/image\\\/\"}}]}<\/script>\n<!-- \/ Yoast SEO plugin. -->","yoast_head_json":{"title":"Retail - Soloom Jewels","description":"V Soloom Jewels se v\u011bnujeme vytv\u00e1\u0159en\u00ed personalizovan\u00fdch \u0161perk\u016f. P\u0159ij\u010fte do na\u0161eho showroomu a prohl\u00e9dn\u011bte si d\u00edla na\u0161ich \u0161perka\u0159\u016f.","robots":{"index":"index","follow":"follow","max-snippet":"max-snippet:-1","max-image-preview":"max-image-preview:large","max-video-preview":"max-video-preview:-1"},"canonical":"https:\/\/soloom.uk\/cs\/retail\/","og_locale":"cs_CZ","og_type":"article","og_title":"Retail - Soloom Jewels","og_description":"V Soloom Jewels se v\u011bnujeme vytv\u00e1\u0159en\u00ed personalizovan\u00fdch \u0161perk\u016f. P\u0159ij\u010fte do na\u0161eho showroomu a prohl\u00e9dn\u011bte si d\u00edla na\u0161ich \u0161perka\u0159\u016f.","og_url":"https:\/\/soloom.uk\/cs\/retail\/","og_site_name":"Soloom Jewels","article_modified_time":"2024-01-02T14:29:28+00:00","og_image":[{"width":2288,"height":2288,"url":"https:\/\/soloom.uk\/wp-content\/uploads\/2023\/06\/ig-logo22.png","type":"image\/png"}],"twitter_card":"summary_large_image","schema":{"@context":"https:\/\/schema.org","@graph":[{"@type":"WebPage","@id":"https:\/\/soloom.uk\/cs\/retail\/","url":"https:\/\/soloom.uk\/cs\/retail\/","name":"Retail - Soloom Jewels","isPartOf":{"@id":"https:\/\/soloom.uk\/cs\/#website"},"primaryImageOfPage":{"@id":"https:\/\/soloom.uk\/cs\/retail\/#primaryimage"},"image":{"@id":"https:\/\/soloom.uk\/cs\/retail\/#primaryimage"},"thumbnailUrl":"https:\/\/soloom.uk\/wp-content\/uploads\/2023\/06\/ig-logo22.png","datePublished":"2023-05-22T12:06:02+00:00","dateModified":"2024-01-02T14:29:28+00:00","description":"V Soloom Jewels se v\u011bnujeme vytv\u00e1\u0159en\u00ed personalizovan\u00fdch \u0161perk\u016f. P\u0159ij\u010fte do na\u0161eho showroomu a prohl\u00e9dn\u011bte si d\u00edla na\u0161ich \u0161perka\u0159\u016f.","breadcrumb":{"@id":"https:\/\/soloom.uk\/cs\/retail\/#breadcrumb"},"inLanguage":"cs","potentialAction":[{"@type":"ReadAction","target":["https:\/\/soloom.uk\/cs\/retail\/"]}]},{"@type":"ImageObject","inLanguage":"cs","@id":"https:\/\/soloom.uk\/cs\/retail\/#primaryimage","url":"https:\/\/soloom.uk\/wp-content\/uploads\/2023\/06\/ig-logo22.png","contentUrl":"https:\/\/soloom.uk\/wp-content\/uploads\/2023\/06\/ig-logo22.png","width":2288,"height":2288},{"@type":"BreadcrumbList","@id":"https:\/\/soloom.uk\/cs\/retail\/#breadcrumb","itemListElement":[{"@type":"ListItem","position":1,"name":"Domovsk\u00e1 str\u00e1nka","item":"https:\/\/soloom.uk\/cs\/homepage\/"},{"@type":"ListItem","position":2,"name":"Retail"}]},{"@type":"WebSite","@id":"https:\/\/soloom.uk\/cs\/#website","url":"https:\/\/soloom.uk\/cs\/","name":"Soloom Jewels","description":"","publisher":{"@id":"https:\/\/soloom.uk\/cs\/#organization"},"potentialAction":[{"@type":"SearchAction","target":{"@type":"EntryPoint","urlTemplate":"https:\/\/soloom.uk\/cs\/?s={search_term_string}"},"query-input":{"@type":"PropertyValueSpecification","valueRequired":true,"valueName":"search_term_string"}}],"inLanguage":"cs"},{"@type":"Organization","@id":"https:\/\/soloom.uk\/cs\/#organization","name":"Soloom Jewels","url":"https:\/\/soloom.uk\/cs\/","logo":{"@type":"ImageObject","inLanguage":"cs","@id":"https:\/\/soloom.uk\/cs\/#\/schema\/logo\/image\/","url":"https:\/\/soloom.uk\/wp-content\/uploads\/2023\/05\/cropped-soloom.png","contentUrl":"https:\/\/soloom.uk\/wp-content\/uploads\/2023\/05\/cropped-soloom.png","width":1905,"height":306,"caption":"Soloom Jewels"},"image":{"@id":"https:\/\/soloom.uk\/cs\/#\/schema\/logo\/image\/"}}]}},"_links":{"self":[{"href":"https:\/\/soloom.uk\/cs\/wp-json\/wp\/v2\/pages\/3362","targetHints":{"allow":["GET"]}}],"collection":[{"href":"https:\/\/soloom.uk\/cs\/wp-json\/wp\/v2\/pages"}],"about":[{"href":"https:\/\/soloom.uk\/cs\/wp-json\/wp\/v2\/types\/page"}],"author":[{"embeddable":true,"href":"https:\/\/soloom.uk\/cs\/wp-json\/wp\/v2\/users\/2"}],"replies":[{"embeddable":true,"href":"https:\/\/soloom.uk\/cs\/wp-json\/wp\/v2\/comments?post=3362"}],"version-history":[{"count":1,"href":"https:\/\/soloom.uk\/cs\/wp-json\/wp\/v2\/pages\/3362\/revisions"}],"predecessor-version":[{"id":3363,"href":"https:\/\/soloom.uk\/cs\/wp-json\/wp\/v2\/pages\/3362\/revisions\/3363"}],"wp:featuredmedia":[{"embeddable":true,"href":"https:\/\/soloom.uk\/cs\/wp-json\/wp\/v2\/media\/3334"}],"wp:attachment":[{"href":"https:\/\/soloom.uk\/cs\/wp-json\/wp\/v2\/media?parent=3362"}],"curies":[{"name":"wp","href":"https:\/\/api.w.org\/{rel}","templated":true}]}}